
{"id":2118,"date":"2024-12-19T10:40:09","date_gmt":"2024-12-19T09:40:09","guid":{"rendered":"https:\/\/j-lesnouvellesdupays.com\/?page_id=2118"},"modified":"2025-01-07T14:01:10","modified_gmt":"2025-01-07T13:01:10","slug":"a-propos-de-nous","status":"publish","type":"page","link":"https:\/\/j-lesnouvellesdupays.com\/?page_id=2118","title":{"rendered":"A PROPOS DE NOUS"},"content":{"rendered":"<p><strong>Pl\u00e9nitude Sarl<\/strong> est la soci\u00e9t\u00e9 \u00e9ditrice du journal <strong>Les Nouvelles du Pays.<\/strong>\u00a0<\/p>\n<p><!-- \/wp:post-content --><!-- wp:paragraph --><\/p>\n<p>La version papier du journal a choisi la p\u00e9riodicit\u00e9 d\u2019un bimensuel afin de se donner le temps de traiter les sujets en profondeur. Le journal papier s\u2019appuiera cependant sur son site internet qui lui donnera de la pr\u00e9sence en diffusant en permanence du contenu informatif.<\/p>\n<p>\u00a0<\/p>\n<p><!-- \/wp:paragraph --><!-- wp:paragraph --><\/p>\n<p><strong>Notre offre : \u00abun journalisme de solutions\u00bb<\/strong><\/p>\n<p><strong><img loading=\"lazy\" decoding=\"async\" src=\"https:\/\/j-lesnouvellesdupays.com\/wp-content\/uploads\/2024\/12\/foto_journalismsolutions_bandeau.jpg-300x109.webp\" alt=\"\" width=\"300\" height=\"109\" \/>\u00a0<\/strong><\/p>\n<p><!-- \/wp:paragraph --><!-- wp:paragraph --><\/p>\n<p>La critique pour la critique, les d\u00e9nonciations, le cirage des pompes des dirigeants, etc. ont fini par \u00e9loigner la presse de son r\u00f4le traditionnel qui est d\u2019abord et avant tout d\u2019informer.<\/p>\n<p><!-- \/wp:paragraph --><!-- wp:paragraph --><\/p>\n<p>Le journal <strong><em>Les Nouvelles du Pays<\/em><\/strong> se positionne comme un journal de solutions.<\/p>\n<p><!-- \/wp:paragraph --><!-- wp:paragraph --><\/p>\n<p>Qu\u2019est-ce qu\u2019un journal de solutions\u00a0? C\u2019est un organe d\u2019informations, anim\u00e9 par la publication de l\u2019information utile pour le public, et le d\u00e9ploiement de son expertise, pour, \u00e0 chaque fois qu\u2019il a \u00e0 traiter un sujet de soci\u00e9t\u00e9 en l\u2019occurrence, le diss\u00e9quer, en abordant tous les angles possibles, pour mettre le doigt sur ce qui ne va pas, interroger les probl\u00e8mes d\u00e9tect\u00e9s et d\u00e9gager des pistes de solutions, avec l\u2019aide des responsables et\/ou des comp\u00e9tences ext\u00e9rieurs.<\/p>\n<p><!-- \/wp:paragraph --><!-- wp:paragraph --><\/p>\n<p>Chaque jour, au Cameroun, des dirigeants publics posent des actes, prennent des d\u00e9cisions, souvent\u00a0 grandes, osent et font bouger les lignes, parfois en brisant des r\u00e9sistances insoup\u00e7onn\u00e9es. Ces actions ne retiennent malheureusement pas l\u2019attention de la presse attir\u00e9e plut\u00f4t par les scandales, pr\u00e9occup\u00e9e par des op\u00e9rations de d\u00e9nonciations st\u00e9riles.<\/p>\n<p><!-- \/wp:paragraph --><!-- wp:paragraph --><\/p>\n<p>Cette indiff\u00e9rence de la grande majorit\u00e9 de la presse vis-\u00e0-vis de la gestion de la cit\u00e9 donne l\u2019impression que les responsables ne travaillent pas ou travaillent mal.<\/p>\n<p><!-- \/wp:paragraph --><!-- wp:paragraph --><\/p>\n<p>Certes, la plupart des structures ont des services de communication qui d\u00e9veloppent des actions de communications (newsletters, journaux d\u2019entreprise, site internet, etc.) pour porter le message des responsables et pr\u00e9senter leurs r\u00e9alisations. Ces diff\u00e9rentes communications projettent l\u2019image d\u2019une information \u00abarrang\u00e9e\u00bb, et leur cr\u00e9dibilit\u00e9 en est ainsi diminu\u00e9e.<\/p>\n<p><!-- \/wp:paragraph --><!-- wp:paragraph --><\/p>\n<p>Tout en affirmant notre statut et stature de journal d\u2019informations r\u00e9publicain s\u00e9rieux, nous nous proposons d\u2019accompagner le d\u00e9veloppement de notre pays sans compromission, dans le r\u00f4le d\u2019une sentinelle engag\u00e9e anim\u00e9e par la volont\u00e9 de contribuer \u00e0 relever tous les challenges de la vie publique.<\/p>\n<p>\u00a0<\/p>\n<p><!-- \/wp:paragraph --><!-- wp:paragraph --><\/p>\n<p><strong>Des prestations de services en communication<\/strong><\/p>\n<p><strong><img loading=\"lazy\" decoding=\"async\" src=\"https:\/\/j-lesnouvellesdupays.com\/wp-content\/uploads\/2024\/12\/Annuaire_communication-630x630-1-300x300.jpg\" alt=\"\" width=\"300\" height=\"300\" \/><\/strong><\/p>\n<p><!-- \/wp:paragraph --><!-- wp:paragraph --><\/p>\n<p>Avec une \u00e9quipe de jeunes dynamiques et passionn\u00e9s de la communication, nous offrons une panoplie de services en rapport avec <strong>la communication d\u2019entreprise<\/strong> (conseil, accompagnement), Marketing et Relations publiques.<\/p>\n<p><!-- \/wp:paragraph --><!-- wp:paragraph --><\/p>\n<p><strong>Notre \u00e9quipe Cr\u00e9a<\/strong> s\u2019occupe de tout ce qui est cr\u00e9ation (logos, gadgets publicitaires, spots publicitaires, banderoles, magazines, journaux d\u2019entreprise, calendriers, sites internet) pour la satisfaction optimale de notre aimable client\u00e8le.<\/p>\n<p><!-- \/wp:paragraph --><!-- wp:paragraph --><\/p>\n<p>Avec une \u00e9quipe rompue dans le domaine de <strong>la communication digitale<\/strong>, nous offrons des services externalis\u00e9s visant \u00e0 soigner l\u2019image de marque des entreprises sur internet (d\u00e9finir la strat\u00e9gie de communication digitale, produire les contenus num\u00e9riques, g\u00e9rer les sites web, g\u00e9rer les relations avec les prestataires web, analyser et mesurer l\u2019audience et le trafic, assurer une veille technologique constante).<\/p>\n<p><!-- \/wp:paragraph --><!-- wp:paragraph --><\/p>\n<p><!-- \/wp:paragraph --><\/p>","protected":false},"excerpt":{"rendered":"<p>Pl\u00e9nitude Sarl est la soci\u00e9t\u00e9 \u00e9ditrice du journal Les Nouvelles du Pays.\u00a0 La version papier du journal a choisi la<\/p>\n","protected":false},"author":1,"featured_media":2119,"parent":0,"menu_order":0,"comment_status":"closed","ping_status":"open","template":"","meta":{"footnotes":""},"class_list":["post-2118","page","type-page","status-publish","has-post-thumbnail","hentry"],"yoast_head":"<!-- This site is optimized with the Yoast SEO plugin v24.2 - https:\/\/yoast.com\/wordpress\/plugins\/seo\/ -->\n<title>A PROPOS DE NOUS - LES NOUVELLES DU PAYS<\/title>\n<meta name=\"description\" content=\"Pl\u00e9nitude Sarl est la soci\u00e9t\u00e9 \u00e9ditrice du journal Les Nouvelles du Pays.\u00a0 La version papier du journal a choisi la\" \/>\n<meta name=\"robots\" content=\"index, follow, max-snippet:-1, max-image-preview:large, max-video-preview:-1\" \/>\n<link rel=\"canonical\" href=\"https:\/\/j-lesnouvellesdupays.com\/?page_id=2118\" \/>\n<meta property=\"og:locale\" content=\"fr_FR\" \/>\n<meta property=\"og:type\" content=\"article\" \/>\n<meta property=\"og:title\" content=\"A PROPOS DE NOUS - LES NOUVELLES DU PAYS\" \/>\n<meta property=\"og:description\" content=\"Pl\u00e9nitude Sarl est la soci\u00e9t\u00e9 \u00e9ditrice du journal Les Nouvelles du Pays.\u00a0 La version papier du journal a choisi la\" \/>\n<meta property=\"og:url\" content=\"https:\/\/j-lesnouvellesdupays.com\/?page_id=2118\" \/>\n<meta property=\"og:site_name\" content=\"LES NOUVELLES DU PAYS\" \/>\n<meta property=\"article:modified_time\" content=\"2025-01-07T13:01:10+00:00\" \/>\n<meta property=\"og:image\" content=\"https:\/\/j-lesnouvellesdupays.com\/wp-content\/uploads\/2024\/12\/WhatsApp-Image-2024-12-10-a-17.59.18_5dcb9f92.jpg\" \/>\n\t<meta property=\"og:image:width\" content=\"540\" \/>\n\t<meta property=\"og:image:height\" content=\"139\" \/>\n\t<meta property=\"og:image:type\" content=\"image\/jpeg\" \/>\n<meta name=\"twitter:card\" content=\"summary_large_image\" \/>\n<meta name=\"twitter:label1\" content=\"Dur\u00e9e de lecture estim\u00e9e\" \/>\n\t<meta name=\"twitter:data1\" content=\"3 minutes\" \/>\n<script type=\"application\/ld+json\" class=\"yoast-schema-graph\">{\"@context\":\"https:\/\/schema.org\",\"@graph\":[{\"@type\":\"WebPage\",\"@id\":\"https:\/\/j-lesnouvellesdupays.com\/?page_id=2118\",\"url\":\"https:\/\/j-lesnouvellesdupays.com\/?page_id=2118\",\"name\":\"A PROPOS DE NOUS - LES NOUVELLES DU PAYS\",\"isPartOf\":{\"@id\":\"https:\/\/j-lesnouvellesdupays.com\/#website\"},\"primaryImageOfPage\":{\"@id\":\"https:\/\/j-lesnouvellesdupays.com\/?page_id=2118#primaryimage\"},\"image\":{\"@id\":\"https:\/\/j-lesnouvellesdupays.com\/?page_id=2118#primaryimage\"},\"thumbnailUrl\":\"https:\/\/j-lesnouvellesdupays.com\/wp-content\/uploads\/2024\/12\/WhatsApp-Image-2024-12-10-a-17.59.18_5dcb9f92.jpg\",\"datePublished\":\"2024-12-19T09:40:09+00:00\",\"dateModified\":\"2025-01-07T13:01:10+00:00\",\"breadcrumb\":{\"@id\":\"https:\/\/j-lesnouvellesdupays.com\/?page_id=2118#breadcrumb\"},\"inLanguage\":\"fr-FR\",\"potentialAction\":[{\"@type\":\"ReadAction\",\"target\":[\"https:\/\/j-lesnouvellesdupays.com\/?page_id=2118\"]}]},{\"@type\":\"ImageObject\",\"inLanguage\":\"fr-FR\",\"@id\":\"https:\/\/j-lesnouvellesdupays.com\/?page_id=2118#primaryimage\",\"url\":\"https:\/\/j-lesnouvellesdupays.com\/wp-content\/uploads\/2024\/12\/WhatsApp-Image-2024-12-10-a-17.59.18_5dcb9f92.jpg\",\"contentUrl\":\"https:\/\/j-lesnouvellesdupays.com\/wp-content\/uploads\/2024\/12\/WhatsApp-Image-2024-12-10-a-17.59.18_5dcb9f92.jpg\",\"width\":540,\"height\":139},{\"@type\":\"BreadcrumbList\",\"@id\":\"https:\/\/j-lesnouvellesdupays.com\/?page_id=2118#breadcrumb\",\"itemListElement\":[{\"@type\":\"ListItem\",\"position\":1,\"name\":\"Accueil\",\"item\":\"https:\/\/j-lesnouvellesdupays.com\/\"},{\"@type\":\"ListItem\",\"position\":2,\"name\":\"A PROPOS DE NOUS\"}]},{\"@type\":\"WebSite\",\"@id\":\"https:\/\/j-lesnouvellesdupays.com\/#website\",\"url\":\"https:\/\/j-lesnouvellesdupays.com\/\",\"name\":\"LES NOUVELLES DU PAYS\",\"description\":\"\",\"publisher\":{\"@id\":\"https:\/\/j-lesnouvellesdupays.com\/#organization\"},\"potentialAction\":[{\"@type\":\"SearchAction\",\"target\":{\"@type\":\"EntryPoint\",\"urlTemplate\":\"https:\/\/j-lesnouvellesdupays.com\/?s={search_term_string}\"},\"query-input\":{\"@type\":\"PropertyValueSpecification\",\"valueRequired\":true,\"valueName\":\"search_term_string\"}}],\"inLanguage\":\"fr-FR\"},{\"@type\":\"Organization\",\"@id\":\"https:\/\/j-lesnouvellesdupays.com\/#organization\",\"name\":\"LES NOUVELLES DU PAYS\",\"url\":\"https:\/\/j-lesnouvellesdupays.com\/\",\"logo\":{\"@type\":\"ImageObject\",\"inLanguage\":\"fr-FR\",\"@id\":\"https:\/\/j-lesnouvellesdupays.com\/#\/schema\/logo\/image\/\",\"url\":\"https:\/\/j-lesnouvellesdupays.com\/wp-content\/uploads\/2025\/01\/cropped-logo-les-nouvelles-du-pays.png\",\"contentUrl\":\"https:\/\/j-lesnouvellesdupays.com\/wp-content\/uploads\/2025\/01\/cropped-logo-les-nouvelles-du-pays.png\",\"width\":314,\"height\":89,\"caption\":\"LES NOUVELLES DU PAYS\"},\"image\":{\"@id\":\"https:\/\/j-lesnouvellesdupays.com\/#\/schema\/logo\/image\/\"}}]}<\/script>\n<!-- \/ Yoast SEO plugin. -->","yoast_head_json":{"title":"A PROPOS DE NOUS - LES NOUVELLES DU PAYS","description":"Pl\u00e9nitude Sarl est la soci\u00e9t\u00e9 \u00e9ditrice du journal Les Nouvelles du Pays.\u00a0 La version papier du journal a choisi la","robots":{"index":"index","follow":"follow","max-snippet":"max-snippet:-1","max-image-preview":"max-image-preview:large","max-video-preview":"max-video-preview:-1"},"canonical":"https:\/\/j-lesnouvellesdupays.com\/?page_id=2118","og_locale":"fr_FR","og_type":"article","og_title":"A PROPOS DE NOUS - LES NOUVELLES DU PAYS","og_description":"Pl\u00e9nitude Sarl est la soci\u00e9t\u00e9 \u00e9ditrice du journal Les Nouvelles du Pays.\u00a0 La version papier du journal a choisi la","og_url":"https:\/\/j-lesnouvellesdupays.com\/?page_id=2118","og_site_name":"LES NOUVELLES DU PAYS","article_modified_time":"2025-01-07T13:01:10+00:00","og_image":[{"width":540,"height":139,"url":"https:\/\/j-lesnouvellesdupays.com\/wp-content\/uploads\/2024\/12\/WhatsApp-Image-2024-12-10-a-17.59.18_5dcb9f92.jpg","type":"image\/jpeg"}],"twitter_card":"summary_large_image","twitter_misc":{"Dur\u00e9e de lecture estim\u00e9e":"3 minutes"},"schema":{"@context":"https:\/\/schema.org","@graph":[{"@type":"WebPage","@id":"https:\/\/j-lesnouvellesdupays.com\/?page_id=2118","url":"https:\/\/j-lesnouvellesdupays.com\/?page_id=2118","name":"A PROPOS DE NOUS - LES NOUVELLES DU PAYS","isPartOf":{"@id":"https:\/\/j-lesnouvellesdupays.com\/#website"},"primaryImageOfPage":{"@id":"https:\/\/j-lesnouvellesdupays.com\/?page_id=2118#primaryimage"},"image":{"@id":"https:\/\/j-lesnouvellesdupays.com\/?page_id=2118#primaryimage"},"thumbnailUrl":"https:\/\/j-lesnouvellesdupays.com\/wp-content\/uploads\/2024\/12\/WhatsApp-Image-2024-12-10-a-17.59.18_5dcb9f92.jpg","datePublished":"2024-12-19T09:40:09+00:00","dateModified":"2025-01-07T13:01:10+00:00","breadcrumb":{"@id":"https:\/\/j-lesnouvellesdupays.com\/?page_id=2118#breadcrumb"},"inLanguage":"fr-FR","potentialAction":[{"@type":"ReadAction","target":["https:\/\/j-lesnouvellesdupays.com\/?page_id=2118"]}]},{"@type":"ImageObject","inLanguage":"fr-FR","@id":"https:\/\/j-lesnouvellesdupays.com\/?page_id=2118#primaryimage","url":"https:\/\/j-lesnouvellesdupays.com\/wp-content\/uploads\/2024\/12\/WhatsApp-Image-2024-12-10-a-17.59.18_5dcb9f92.jpg","contentUrl":"https:\/\/j-lesnouvellesdupays.com\/wp-content\/uploads\/2024\/12\/WhatsApp-Image-2024-12-10-a-17.59.18_5dcb9f92.jpg","width":540,"height":139},{"@type":"BreadcrumbList","@id":"https:\/\/j-lesnouvellesdupays.com\/?page_id=2118#breadcrumb","itemListElement":[{"@type":"ListItem","position":1,"name":"Accueil","item":"https:\/\/j-lesnouvellesdupays.com\/"},{"@type":"ListItem","position":2,"name":"A PROPOS DE NOUS"}]},{"@type":"WebSite","@id":"https:\/\/j-lesnouvellesdupays.com\/#website","url":"https:\/\/j-lesnouvellesdupays.com\/","name":"LES NOUVELLES DU PAYS","description":"","publisher":{"@id":"https:\/\/j-lesnouvellesdupays.com\/#organization"},"potentialAction":[{"@type":"SearchAction","target":{"@type":"EntryPoint","urlTemplate":"https:\/\/j-lesnouvellesdupays.com\/?s={search_term_string}"},"query-input":{"@type":"PropertyValueSpecification","valueRequired":true,"valueName":"search_term_string"}}],"inLanguage":"fr-FR"},{"@type":"Organization","@id":"https:\/\/j-lesnouvellesdupays.com\/#organization","name":"LES NOUVELLES DU PAYS","url":"https:\/\/j-lesnouvellesdupays.com\/","logo":{"@type":"ImageObject","inLanguage":"fr-FR","@id":"https:\/\/j-lesnouvellesdupays.com\/#\/schema\/logo\/image\/","url":"https:\/\/j-lesnouvellesdupays.com\/wp-content\/uploads\/2025\/01\/cropped-logo-les-nouvelles-du-pays.png","contentUrl":"https:\/\/j-lesnouvellesdupays.com\/wp-content\/uploads\/2025\/01\/cropped-logo-les-nouvelles-du-pays.png","width":314,"height":89,"caption":"LES NOUVELLES DU PAYS"},"image":{"@id":"https:\/\/j-lesnouvellesdupays.com\/#\/schema\/logo\/image\/"}}]}},"_links":{"self":[{"href":"https:\/\/j-lesnouvellesdupays.com\/index.php?rest_route=\/wp\/v2\/pages\/2118","targetHints":{"allow":["GET"]}}],"collection":[{"href":"https:\/\/j-lesnouvellesdupays.com\/index.php?rest_route=\/wp\/v2\/pages"}],"about":[{"href":"https:\/\/j-lesnouvellesdupays.com\/index.php?rest_route=\/wp\/v2\/types\/page"}],"author":[{"embeddable":true,"href":"https:\/\/j-lesnouvellesdupays.com\/index.php?rest_route=\/wp\/v2\/users\/1"}],"replies":[{"embeddable":true,"href":"https:\/\/j-lesnouvellesdupays.com\/index.php?rest_route=%2Fwp%2Fv2%2Fcomments&post=2118"}],"version-history":[{"count":8,"href":"https:\/\/j-lesnouvellesdupays.com\/index.php?rest_route=\/wp\/v2\/pages\/2118\/revisions"}],"predecessor-version":[{"id":2351,"href":"https:\/\/j-lesnouvellesdupays.com\/index.php?rest_route=\/wp\/v2\/pages\/2118\/revisions\/2351"}],"wp:featuredmedia":[{"embeddable":true,"href":"https:\/\/j-lesnouvellesdupays.com\/index.php?rest_route=\/wp\/v2\/media\/2119"}],"wp:attachment":[{"href":"https:\/\/j-lesnouvellesdupays.com\/index.php?rest_route=%2Fwp%2Fv2%2Fmedia&parent=2118"}],"curies":[{"name":"wp","href":"https:\/\/api.w.org\/{rel}","templated":true}]}}